{"id":320,"date":"2024-07-18T17:57:09","date_gmt":"2024-07-18T15:57:09","guid":{"rendered":"https:\/\/sprzetmultimedialny.pl\/sprzet-do-wynajecia\/"},"modified":"2025-02-12T14:19:18","modified_gmt":"2025-02-12T13:19:18","slug":"equipment-for-hire","status":"publish","type":"page","link":"https:\/\/sprzetmultimedialny.pl\/en\/equipment-for-hire\/","title":{"rendered":"Equipment for hire"},"content":{"rendered":"<div class=\"mceContentBody mceFrontEnd page-product-list-php\"><p><strong>Below we present only selected items from our wide range of multimedia equipment rental.<\/strong><\/p>\n<p>If you need other equipment or have special requirements, contact us for a personalized offer.<\/p>\n<\/div>","protected":false},"excerpt":{"rendered":"<p>Below we present only selected items from our wide range of multimedia equipment rental. If you need other equipment or have special requirements, contact us for a personalized offer.<\/p>\n","protected":false},"author":4,"featured_media":0,"parent":0,"menu_order":0,"comment_status":"closed","ping_status":"closed","template":"page-product-list.php","meta":{"_acf_changed":false,"inline_featured_image":false,"footnotes":""},"class_list":["post-320","page","type-page","status-publish","hentry"],"acf":[],"yoast_head":"<!-- This site is optimized with the Yoast SEO plugin v27.4 - https:\/\/yoast.com\/product\/yoast-seo-wordpress\/ -->\n<title>Audiovisual, multimedia equipment for rent - Eidotech<\/title>\n<meta name=\"description\" content=\"Audiovisual and multimedia equipment rental. We offer modern solutions for every occasion \u2013 conferences, events, and presentations. Contact us!\" \/>\n<meta name=\"robots\" content=\"index, follow, max-snippet:-1, max-image-preview:large, max-video-preview:-1\" \/>\n<link rel=\"canonical\" href=\"https:\/\/sprzetmultimedialny.pl\/en\/equipment-for-hire\/\" \/>\n<meta property=\"og:locale\" content=\"en_US\" \/>\n<meta property=\"og:type\" content=\"article\" \/>\n<meta property=\"og:title\" content=\"Audiovisual, multimedia equipment for rent - Eidotech\" \/>\n<meta property=\"og:description\" content=\"Audiovisual and multimedia equipment rental. We offer modern solutions for every occasion \u2013 conferences, events, and presentations. Contact us!\" \/>\n<meta property=\"og:url\" content=\"https:\/\/sprzetmultimedialny.pl\/en\/equipment-for-hire\/\" \/>\n<meta property=\"og:site_name\" content=\"Eidotech\" \/>\n<meta property=\"article:publisher\" content=\"https:\/\/www.facebook.com\/eidotechpolska\" \/>\n<meta property=\"article:modified_time\" content=\"2025-02-12T13:19:18+00:00\" \/>\n<meta property=\"og:image\" content=\"https:\/\/sprzetmultimedialny.pl\/wp-content\/uploads\/2026\/04\/og-wynajem.jpg\" \/>\n\t<meta property=\"og:image:width\" content=\"1635\" \/>\n\t<meta property=\"og:image:height\" content=\"962\" \/>\n\t<meta property=\"og:image:type\" content=\"image\/jpeg\" \/>\n<meta name=\"twitter:card\" content=\"summary_large_image\" \/>\n<meta name=\"twitter:label1\" content=\"Est. reading time\" \/>\n\t<meta name=\"twitter:data1\" content=\"1 minute\" \/>\n<script type=\"application\/ld+json\" class=\"yoast-schema-graph\">{\"@context\":\"https:\\\/\\\/schema.org\",\"@graph\":[{\"@type\":\"WebPage\",\"@id\":\"https:\\\/\\\/sprzetmultimedialny.pl\\\/en\\\/equipment-for-hire\\\/\",\"url\":\"https:\\\/\\\/sprzetmultimedialny.pl\\\/en\\\/equipment-for-hire\\\/\",\"name\":\"Audiovisual, multimedia equipment for rent - Eidotech\",\"isPartOf\":{\"@id\":\"https:\\\/\\\/sprzetmultimedialny.pl\\\/en\\\/#website\"},\"datePublished\":\"2024-07-18T15:57:09+00:00\",\"dateModified\":\"2025-02-12T13:19:18+00:00\",\"description\":\"Audiovisual and multimedia equipment rental. We offer modern solutions for every occasion \u2013 conferences, events, and presentations. Contact us!\",\"breadcrumb\":{\"@id\":\"https:\\\/\\\/sprzetmultimedialny.pl\\\/en\\\/equipment-for-hire\\\/#breadcrumb\"},\"inLanguage\":\"en-US\",\"potentialAction\":[{\"@type\":\"ReadAction\",\"target\":[\"https:\\\/\\\/sprzetmultimedialny.pl\\\/en\\\/equipment-for-hire\\\/\"]}]},{\"@type\":\"BreadcrumbList\",\"@id\":\"https:\\\/\\\/sprzetmultimedialny.pl\\\/en\\\/equipment-for-hire\\\/#breadcrumb\",\"itemListElement\":[{\"@type\":\"ListItem\",\"position\":1,\"name\":\"Home\",\"item\":\"https:\\\/\\\/sprzetmultimedialny.pl\\\/en\\\/\"},{\"@type\":\"ListItem\",\"position\":2,\"name\":\"Equipment for hire\"}]},{\"@type\":\"WebSite\",\"@id\":\"https:\\\/\\\/sprzetmultimedialny.pl\\\/en\\\/#website\",\"url\":\"https:\\\/\\\/sprzetmultimedialny.pl\\\/en\\\/\",\"name\":\"Sprzet Multimedialny\",\"description\":\"Kompleksowe Rozwi\u0105zania Audiowizualne, Wynajem i Sprzeda\u017c Sprz\u0119tu Audiowizualnego\",\"publisher\":{\"@id\":\"https:\\\/\\\/sprzetmultimedialny.pl\\\/en\\\/#organization\"},\"potentialAction\":[{\"@type\":\"SearchAction\",\"target\":{\"@type\":\"EntryPoint\",\"urlTemplate\":\"https:\\\/\\\/sprzetmultimedialny.pl\\\/en\\\/?s={search_term_string}\"},\"query-input\":{\"@type\":\"PropertyValueSpecification\",\"valueRequired\":true,\"valueName\":\"search_term_string\"}}],\"inLanguage\":\"en-US\"},{\"@type\":\"Organization\",\"@id\":\"https:\\\/\\\/sprzetmultimedialny.pl\\\/en\\\/#organization\",\"name\":\"Eidotech\",\"url\":\"https:\\\/\\\/sprzetmultimedialny.pl\\\/en\\\/\",\"logo\":{\"@type\":\"ImageObject\",\"inLanguage\":\"en-US\",\"@id\":\"https:\\\/\\\/sprzetmultimedialny.pl\\\/en\\\/#\\\/schema\\\/logo\\\/image\\\/\",\"url\":\"https:\\\/\\\/sprzetmultimedialny.pl\\\/wp-content\\\/uploads\\\/2024\\\/09\\\/SprzetMultimedialny.png\",\"contentUrl\":\"https:\\\/\\\/sprzetmultimedialny.pl\\\/wp-content\\\/uploads\\\/2024\\\/09\\\/SprzetMultimedialny.png\",\"width\":476,\"height\":162,\"caption\":\"Eidotech\"},\"image\":{\"@id\":\"https:\\\/\\\/sprzetmultimedialny.pl\\\/en\\\/#\\\/schema\\\/logo\\\/image\\\/\"},\"sameAs\":[\"https:\\\/\\\/www.facebook.com\\\/eidotechpolska\",\"https:\\\/\\\/www.instagram.com\\\/eidotech_pl\\\/\"]}]}<\/script>\n<!-- \/ Yoast SEO plugin. -->","yoast_head_json":{"title":"Audiovisual, multimedia equipment for rent - Eidotech","description":"Audiovisual and multimedia equipment rental. We offer modern solutions for every occasion \u2013 conferences, events, and presentations. Contact us!","robots":{"index":"index","follow":"follow","max-snippet":"max-snippet:-1","max-image-preview":"max-image-preview:large","max-video-preview":"max-video-preview:-1"},"canonical":"https:\/\/sprzetmultimedialny.pl\/en\/equipment-for-hire\/","og_locale":"en_US","og_type":"article","og_title":"Audiovisual, multimedia equipment for rent - Eidotech","og_description":"Audiovisual and multimedia equipment rental. We offer modern solutions for every occasion \u2013 conferences, events, and presentations. Contact us!","og_url":"https:\/\/sprzetmultimedialny.pl\/en\/equipment-for-hire\/","og_site_name":"Eidotech","article_publisher":"https:\/\/www.facebook.com\/eidotechpolska","article_modified_time":"2025-02-12T13:19:18+00:00","og_image":[{"width":1635,"height":962,"url":"https:\/\/sprzetmultimedialny.pl\/wp-content\/uploads\/2026\/04\/og-wynajem.jpg","type":"image\/jpeg"}],"twitter_card":"summary_large_image","twitter_misc":{"Est. reading time":"1 minute"},"schema":{"@context":"https:\/\/schema.org","@graph":[{"@type":"WebPage","@id":"https:\/\/sprzetmultimedialny.pl\/en\/equipment-for-hire\/","url":"https:\/\/sprzetmultimedialny.pl\/en\/equipment-for-hire\/","name":"Audiovisual, multimedia equipment for rent - Eidotech","isPartOf":{"@id":"https:\/\/sprzetmultimedialny.pl\/en\/#website"},"datePublished":"2024-07-18T15:57:09+00:00","dateModified":"2025-02-12T13:19:18+00:00","description":"Audiovisual and multimedia equipment rental. We offer modern solutions for every occasion \u2013 conferences, events, and presentations. Contact us!","breadcrumb":{"@id":"https:\/\/sprzetmultimedialny.pl\/en\/equipment-for-hire\/#breadcrumb"},"inLanguage":"en-US","potentialAction":[{"@type":"ReadAction","target":["https:\/\/sprzetmultimedialny.pl\/en\/equipment-for-hire\/"]}]},{"@type":"BreadcrumbList","@id":"https:\/\/sprzetmultimedialny.pl\/en\/equipment-for-hire\/#breadcrumb","itemListElement":[{"@type":"ListItem","position":1,"name":"Home","item":"https:\/\/sprzetmultimedialny.pl\/en\/"},{"@type":"ListItem","position":2,"name":"Equipment for hire"}]},{"@type":"WebSite","@id":"https:\/\/sprzetmultimedialny.pl\/en\/#website","url":"https:\/\/sprzetmultimedialny.pl\/en\/","name":"Sprzet Multimedialny","description":"Kompleksowe Rozwi\u0105zania Audiowizualne, Wynajem i Sprzeda\u017c Sprz\u0119tu Audiowizualnego","publisher":{"@id":"https:\/\/sprzetmultimedialny.pl\/en\/#organization"},"potentialAction":[{"@type":"SearchAction","target":{"@type":"EntryPoint","urlTemplate":"https:\/\/sprzetmultimedialny.pl\/en\/?s={search_term_string}"},"query-input":{"@type":"PropertyValueSpecification","valueRequired":true,"valueName":"search_term_string"}}],"inLanguage":"en-US"},{"@type":"Organization","@id":"https:\/\/sprzetmultimedialny.pl\/en\/#organization","name":"Eidotech","url":"https:\/\/sprzetmultimedialny.pl\/en\/","logo":{"@type":"ImageObject","inLanguage":"en-US","@id":"https:\/\/sprzetmultimedialny.pl\/en\/#\/schema\/logo\/image\/","url":"https:\/\/sprzetmultimedialny.pl\/wp-content\/uploads\/2024\/09\/SprzetMultimedialny.png","contentUrl":"https:\/\/sprzetmultimedialny.pl\/wp-content\/uploads\/2024\/09\/SprzetMultimedialny.png","width":476,"height":162,"caption":"Eidotech"},"image":{"@id":"https:\/\/sprzetmultimedialny.pl\/en\/#\/schema\/logo\/image\/"},"sameAs":["https:\/\/www.facebook.com\/eidotechpolska","https:\/\/www.instagram.com\/eidotech_pl\/"]}]}},"_links":{"self":[{"href":"https:\/\/sprzetmultimedialny.pl\/en\/wp-json\/wp\/v2\/pages\/320","targetHints":{"allow":["GET"]}}],"collection":[{"href":"https:\/\/sprzetmultimedialny.pl\/en\/wp-json\/wp\/v2\/pages"}],"about":[{"href":"https:\/\/sprzetmultimedialny.pl\/en\/wp-json\/wp\/v2\/types\/page"}],"author":[{"embeddable":true,"href":"https:\/\/sprzetmultimedialny.pl\/en\/wp-json\/wp\/v2\/users\/4"}],"replies":[{"embeddable":true,"href":"https:\/\/sprzetmultimedialny.pl\/en\/wp-json\/wp\/v2\/comments?post=320"}],"version-history":[{"count":0,"href":"https:\/\/sprzetmultimedialny.pl\/en\/wp-json\/wp\/v2\/pages\/320\/revisions"}],"wp:attachment":[{"href":"https:\/\/sprzetmultimedialny.pl\/en\/wp-json\/wp\/v2\/media?parent=320"}],"curies":[{"name":"wp","href":"https:\/\/api.w.org\/{rel}","templated":true}]}}