{"id":338,"date":"2024-07-18T17:58:15","date_gmt":"2024-07-18T15:58:15","guid":{"rendered":"https:\/\/sprzetmultimedialny.pl\/produkty-na-sprzedaz\/"},"modified":"2025-02-12T14:24:47","modified_gmt":"2025-02-12T13:24:47","slug":"equipment-for-sale","status":"publish","type":"page","link":"https:\/\/sprzetmultimedialny.pl\/en\/equipment-for-sale\/","title":{"rendered":"Equipment for sale"},"content":{"rendered":"<div class=\"mceContentBody mceFrontEnd page-product-list-php\"><p><strong>We inform you that on the website we present only a selected part of the offer for the sale of multimedia equipment.<\/strong><\/p>\n<p>Thanks to close cooperation with manufacturers, we can offer original and tailored devices. If you are looking for specific equipment or have special requirements, contact us to receive a personalized offer.<\/p>\n<\/div>","protected":false},"excerpt":{"rendered":"<p>We inform you that on the website we present only a selected part of the offer for the sale of multimedia equipment. Thanks to close cooperation with manufacturers, we can offer original and tailored devices. If you are looking for specific equipment or have special requirements, contact us to receive a personalized offer.<\/p>\n","protected":false},"author":4,"featured_media":0,"parent":0,"menu_order":0,"comment_status":"closed","ping_status":"closed","template":"page-product-list.php","meta":{"_acf_changed":false,"inline_featured_image":false,"footnotes":""},"class_list":["post-338","page","type-page","status-publish","hentry"],"acf":[],"yoast_head":"<!-- This site is optimized with the Yoast SEO plugin v27.4 - https:\/\/yoast.com\/product\/yoast-seo-wordpress\/ -->\n<title>Audiovisual and multimedia equipment for sale - Eidotech<\/title>\n<meta name=\"description\" content=\"Sales of audiovisual and multimedia equipment. We offer modern solutions for every occasion \u2013 conferences, events, and presentations. Contact us!\" \/>\n<meta name=\"robots\" content=\"index, follow, max-snippet:-1, max-image-preview:large, max-video-preview:-1\" \/>\n<link rel=\"canonical\" href=\"https:\/\/sprzetmultimedialny.pl\/en\/equipment-for-sale\/\" \/>\n<meta property=\"og:locale\" content=\"en_US\" \/>\n<meta property=\"og:type\" content=\"article\" \/>\n<meta property=\"og:title\" content=\"Audiovisual and multimedia equipment for sale - Eidotech\" \/>\n<meta property=\"og:description\" content=\"Sales of audiovisual and multimedia equipment. We offer modern solutions for every occasion \u2013 conferences, events, and presentations. Contact us!\" \/>\n<meta property=\"og:url\" content=\"https:\/\/sprzetmultimedialny.pl\/en\/equipment-for-sale\/\" \/>\n<meta property=\"og:site_name\" content=\"Eidotech\" \/>\n<meta property=\"article:publisher\" content=\"https:\/\/www.facebook.com\/eidotechpolska\" \/>\n<meta property=\"article:modified_time\" content=\"2025-02-12T13:24:47+00:00\" \/>\n<meta property=\"og:image\" content=\"https:\/\/sprzetmultimedialny.pl\/wp-content\/uploads\/2026\/04\/og-sprzedaz.jpg\" \/>\n\t<meta property=\"og:image:width\" content=\"1731\" \/>\n\t<meta property=\"og:image:height\" content=\"909\" \/>\n\t<meta property=\"og:image:type\" content=\"image\/jpeg\" \/>\n<meta name=\"twitter:card\" content=\"summary_large_image\" \/>\n<meta name=\"twitter:label1\" content=\"Est. reading time\" \/>\n\t<meta name=\"twitter:data1\" content=\"1 minute\" \/>\n<script type=\"application\/ld+json\" class=\"yoast-schema-graph\">{\"@context\":\"https:\\\/\\\/schema.org\",\"@graph\":[{\"@type\":\"WebPage\",\"@id\":\"https:\\\/\\\/sprzetmultimedialny.pl\\\/en\\\/equipment-for-sale\\\/\",\"url\":\"https:\\\/\\\/sprzetmultimedialny.pl\\\/en\\\/equipment-for-sale\\\/\",\"name\":\"Audiovisual and multimedia equipment for sale - Eidotech\",\"isPartOf\":{\"@id\":\"https:\\\/\\\/sprzetmultimedialny.pl\\\/en\\\/#website\"},\"datePublished\":\"2024-07-18T15:58:15+00:00\",\"dateModified\":\"2025-02-12T13:24:47+00:00\",\"description\":\"Sales of audiovisual and multimedia equipment. We offer modern solutions for every occasion \u2013 conferences, events, and presentations. Contact us!\",\"breadcrumb\":{\"@id\":\"https:\\\/\\\/sprzetmultimedialny.pl\\\/en\\\/equipment-for-sale\\\/#breadcrumb\"},\"inLanguage\":\"en-US\",\"potentialAction\":[{\"@type\":\"ReadAction\",\"target\":[\"https:\\\/\\\/sprzetmultimedialny.pl\\\/en\\\/equipment-for-sale\\\/\"]}]},{\"@type\":\"BreadcrumbList\",\"@id\":\"https:\\\/\\\/sprzetmultimedialny.pl\\\/en\\\/equipment-for-sale\\\/#breadcrumb\",\"itemListElement\":[{\"@type\":\"ListItem\",\"position\":1,\"name\":\"Home\",\"item\":\"https:\\\/\\\/sprzetmultimedialny.pl\\\/en\\\/\"},{\"@type\":\"ListItem\",\"position\":2,\"name\":\"Equipment for sale\"}]},{\"@type\":\"WebSite\",\"@id\":\"https:\\\/\\\/sprzetmultimedialny.pl\\\/en\\\/#website\",\"url\":\"https:\\\/\\\/sprzetmultimedialny.pl\\\/en\\\/\",\"name\":\"Sprzet Multimedialny\",\"description\":\"Kompleksowe Rozwi\u0105zania Audiowizualne, Wynajem i Sprzeda\u017c Sprz\u0119tu Audiowizualnego\",\"publisher\":{\"@id\":\"https:\\\/\\\/sprzetmultimedialny.pl\\\/en\\\/#organization\"},\"potentialAction\":[{\"@type\":\"SearchAction\",\"target\":{\"@type\":\"EntryPoint\",\"urlTemplate\":\"https:\\\/\\\/sprzetmultimedialny.pl\\\/en\\\/?s={search_term_string}\"},\"query-input\":{\"@type\":\"PropertyValueSpecification\",\"valueRequired\":true,\"valueName\":\"search_term_string\"}}],\"inLanguage\":\"en-US\"},{\"@type\":\"Organization\",\"@id\":\"https:\\\/\\\/sprzetmultimedialny.pl\\\/en\\\/#organization\",\"name\":\"Eidotech\",\"url\":\"https:\\\/\\\/sprzetmultimedialny.pl\\\/en\\\/\",\"logo\":{\"@type\":\"ImageObject\",\"inLanguage\":\"en-US\",\"@id\":\"https:\\\/\\\/sprzetmultimedialny.pl\\\/en\\\/#\\\/schema\\\/logo\\\/image\\\/\",\"url\":\"https:\\\/\\\/sprzetmultimedialny.pl\\\/wp-content\\\/uploads\\\/2024\\\/09\\\/SprzetMultimedialny.png\",\"contentUrl\":\"https:\\\/\\\/sprzetmultimedialny.pl\\\/wp-content\\\/uploads\\\/2024\\\/09\\\/SprzetMultimedialny.png\",\"width\":476,\"height\":162,\"caption\":\"Eidotech\"},\"image\":{\"@id\":\"https:\\\/\\\/sprzetmultimedialny.pl\\\/en\\\/#\\\/schema\\\/logo\\\/image\\\/\"},\"sameAs\":[\"https:\\\/\\\/www.facebook.com\\\/eidotechpolska\",\"https:\\\/\\\/www.instagram.com\\\/eidotech_pl\\\/\"]}]}<\/script>\n<!-- \/ Yoast SEO plugin. -->","yoast_head_json":{"title":"Audiovisual and multimedia equipment for sale - Eidotech","description":"Sales of audiovisual and multimedia equipment. We offer modern solutions for every occasion \u2013 conferences, events, and presentations. Contact us!","robots":{"index":"index","follow":"follow","max-snippet":"max-snippet:-1","max-image-preview":"max-image-preview:large","max-video-preview":"max-video-preview:-1"},"canonical":"https:\/\/sprzetmultimedialny.pl\/en\/equipment-for-sale\/","og_locale":"en_US","og_type":"article","og_title":"Audiovisual and multimedia equipment for sale - Eidotech","og_description":"Sales of audiovisual and multimedia equipment. We offer modern solutions for every occasion \u2013 conferences, events, and presentations. Contact us!","og_url":"https:\/\/sprzetmultimedialny.pl\/en\/equipment-for-sale\/","og_site_name":"Eidotech","article_publisher":"https:\/\/www.facebook.com\/eidotechpolska","article_modified_time":"2025-02-12T13:24:47+00:00","og_image":[{"width":1731,"height":909,"url":"https:\/\/sprzetmultimedialny.pl\/wp-content\/uploads\/2026\/04\/og-sprzedaz.jpg","type":"image\/jpeg"}],"twitter_card":"summary_large_image","twitter_misc":{"Est. reading time":"1 minute"},"schema":{"@context":"https:\/\/schema.org","@graph":[{"@type":"WebPage","@id":"https:\/\/sprzetmultimedialny.pl\/en\/equipment-for-sale\/","url":"https:\/\/sprzetmultimedialny.pl\/en\/equipment-for-sale\/","name":"Audiovisual and multimedia equipment for sale - Eidotech","isPartOf":{"@id":"https:\/\/sprzetmultimedialny.pl\/en\/#website"},"datePublished":"2024-07-18T15:58:15+00:00","dateModified":"2025-02-12T13:24:47+00:00","description":"Sales of audiovisual and multimedia equipment. We offer modern solutions for every occasion \u2013 conferences, events, and presentations. Contact us!","breadcrumb":{"@id":"https:\/\/sprzetmultimedialny.pl\/en\/equipment-for-sale\/#breadcrumb"},"inLanguage":"en-US","potentialAction":[{"@type":"ReadAction","target":["https:\/\/sprzetmultimedialny.pl\/en\/equipment-for-sale\/"]}]},{"@type":"BreadcrumbList","@id":"https:\/\/sprzetmultimedialny.pl\/en\/equipment-for-sale\/#breadcrumb","itemListElement":[{"@type":"ListItem","position":1,"name":"Home","item":"https:\/\/sprzetmultimedialny.pl\/en\/"},{"@type":"ListItem","position":2,"name":"Equipment for sale"}]},{"@type":"WebSite","@id":"https:\/\/sprzetmultimedialny.pl\/en\/#website","url":"https:\/\/sprzetmultimedialny.pl\/en\/","name":"Sprzet Multimedialny","description":"Kompleksowe Rozwi\u0105zania Audiowizualne, Wynajem i Sprzeda\u017c Sprz\u0119tu Audiowizualnego","publisher":{"@id":"https:\/\/sprzetmultimedialny.pl\/en\/#organization"},"potentialAction":[{"@type":"SearchAction","target":{"@type":"EntryPoint","urlTemplate":"https:\/\/sprzetmultimedialny.pl\/en\/?s={search_term_string}"},"query-input":{"@type":"PropertyValueSpecification","valueRequired":true,"valueName":"search_term_string"}}],"inLanguage":"en-US"},{"@type":"Organization","@id":"https:\/\/sprzetmultimedialny.pl\/en\/#organization","name":"Eidotech","url":"https:\/\/sprzetmultimedialny.pl\/en\/","logo":{"@type":"ImageObject","inLanguage":"en-US","@id":"https:\/\/sprzetmultimedialny.pl\/en\/#\/schema\/logo\/image\/","url":"https:\/\/sprzetmultimedialny.pl\/wp-content\/uploads\/2024\/09\/SprzetMultimedialny.png","contentUrl":"https:\/\/sprzetmultimedialny.pl\/wp-content\/uploads\/2024\/09\/SprzetMultimedialny.png","width":476,"height":162,"caption":"Eidotech"},"image":{"@id":"https:\/\/sprzetmultimedialny.pl\/en\/#\/schema\/logo\/image\/"},"sameAs":["https:\/\/www.facebook.com\/eidotechpolska","https:\/\/www.instagram.com\/eidotech_pl\/"]}]}},"_links":{"self":[{"href":"https:\/\/sprzetmultimedialny.pl\/en\/wp-json\/wp\/v2\/pages\/338","targetHints":{"allow":["GET"]}}],"collection":[{"href":"https:\/\/sprzetmultimedialny.pl\/en\/wp-json\/wp\/v2\/pages"}],"about":[{"href":"https:\/\/sprzetmultimedialny.pl\/en\/wp-json\/wp\/v2\/types\/page"}],"author":[{"embeddable":true,"href":"https:\/\/sprzetmultimedialny.pl\/en\/wp-json\/wp\/v2\/users\/4"}],"replies":[{"embeddable":true,"href":"https:\/\/sprzetmultimedialny.pl\/en\/wp-json\/wp\/v2\/comments?post=338"}],"version-history":[{"count":0,"href":"https:\/\/sprzetmultimedialny.pl\/en\/wp-json\/wp\/v2\/pages\/338\/revisions"}],"wp:attachment":[{"href":"https:\/\/sprzetmultimedialny.pl\/en\/wp-json\/wp\/v2\/media?parent=338"}],"curies":[{"name":"wp","href":"https:\/\/api.w.org\/{rel}","templated":true}]}}