{"id":1612,"date":"2024-09-06T22:25:44","date_gmt":"2024-09-06T20:25:44","guid":{"rendered":"https:\/\/sprzetmultimedialny.pl\/produkt\/optoma-zh450st\/"},"modified":"2024-09-06T22:31:06","modified_gmt":"2024-09-06T20:31:06","slug":"optoma-zh450st","status":"publish","type":"product","link":"https:\/\/sprzetmultimedialny.pl\/en\/product\/optoma-zh450st\/","title":{"rendered":"Optoma ZH450ST"},"content":{"rendered":"<div class=\"mceContentBody mceFrontEnd \"><p><span style=\"font-weight: 400;\">The Optoma ZH450ST is a compact, short-throw laser projector designed for educational, business, and professional applications, such as digital signage, conference rooms, museums, and other public spaces. Utilizing DuraCore laser technology, the projector offers exceptional durability and reliability, with a light source lifespan of up to 30,000 hours in Eco mode. The projector provides Full HD resolution (1920&#215;1080), delivering sharp and detailed images with vibrant colors, ideal for presentations, videos, and interactive applications.<\/span><\/p>\n<p><span style=\"font-weight: 400;\">The Optoma ZH450ST boasts a brightness of 4200 lumens, ensuring that images remain visible even in well-lit environments. Its short-throw design allows for large image projection from a short distance, making it perfect for installations where space is limited. The projector features a wide range of inputs, including HDMI, VGA, USB, and LAN network connections, allowing easy integration with various devices such as laptops, computers, and AV systems. Additional features such as full keystone correction, lens shift, and a built-in 10W speaker enhance the projector&#8217;s functionality and ease of use.<\/span><\/p>\n<table style=\"border-collapse: collapse; width: 100%; height: 307px;\">\n<tbody>\n<tr style=\"height: 24px;\">\n<td style=\"width: 50%; height: 24px;\"><span style=\"font-weight: 400;\">Description<\/span><\/td>\n<td style=\"width: 50%; height: 24px;\">Value<\/td>\n<\/tr>\n<tr style=\"height: 22px;\">\n<td style=\"width: 50%; height: 22px;\"><span style=\"font-weight: 400;\">Display Type<\/span><\/td>\n<td style=\"width: 50%; height: 22px;\"><span style=\"font-weight: 400;\">Laser DLP<\/span><\/td>\n<\/tr>\n<tr style=\"height: 24px;\">\n<td style=\"width: 50%; height: 24px;\"><span style=\"font-weight: 400;\">Resolution<\/span><\/td>\n<td style=\"width: 50%; height: 24px;\"><span style=\"font-weight: 400;\">Full HD (1920&#215;1080)<\/span><\/td>\n<\/tr>\n<tr style=\"height: 24px;\">\n<td style=\"width: 50%; height: 24px;\"><span style=\"font-weight: 400;\">Brightness<\/span><\/td>\n<td style=\"width: 50%; height: 24px;\"><span style=\"font-weight: 400;\">4200 lumens <\/span><\/td>\n<\/tr>\n<tr style=\"height: 21px;\">\n<td style=\"width: 50%; height: 21px;\"><span style=\"font-weight: 400;\">Contrast<\/span><\/td>\n<td style=\"width: 50%; height: 21px;\"><span style=\"font-weight: 400;\">300,000:1 dynamic<\/span><\/td>\n<\/tr>\n<tr style=\"height: 24px;\">\n<td style=\"width: 50%; height: 24px;\"><span style=\"font-weight: 400;\">Short Throw<\/span><\/td>\n<td style=\"width: 50%; height: 24px;\"><span style=\"font-weight: 400;\">Yes, large image from a short distance<\/span><\/td>\n<\/tr>\n<tr style=\"height: 24px;\">\n<td style=\"width: 50%; height: 24px;\"><span style=\"font-weight: 400;\">Inputs<\/span><\/td>\n<td style=\"width: 50%; height: 24px;\"><span style=\"font-weight: 400;\">HDMI, VGA, USB, LAN, Audio in\/out<\/span><\/td>\n<\/tr>\n<tr style=\"height: 24px;\">\n<td style=\"width: 50%; height: 24px;\"><span style=\"font-weight: 400;\">Light Source<\/span><\/td>\n<td style=\"width: 50%; height: 24px;\"><span style=\"font-weight: 400;\">DuraCore Laser, up to 30,000 hours lifespan<\/span><\/td>\n<\/tr>\n<tr style=\"height: 24px;\">\n<td style=\"width: 50%; height: 24px;\"><span style=\"font-weight: 400;\">Keystone Correction<\/span><\/td>\n<td style=\"width: 50%; height: 24px;\"><span style=\"font-weight: 400;\">Vertical and horizontal<\/span><\/td>\n<\/tr>\n<tr style=\"height: 24px;\">\n<td style=\"width: 50%; height: 24px;\"><span style=\"font-weight: 400;\">Lens Shift<\/span><\/td>\n<td style=\"width: 50%; height: 24px;\"><span style=\"font-weight: 400;\">Yes<\/span><\/td>\n<\/tr>\n<tr style=\"height: 24px;\">\n<td style=\"width: 50%; height: 24px;\"><span style=\"font-weight: 400;\">Built-in Speaker<\/span><\/td>\n<td style=\"width: 50%; height: 24px;\"><span style=\"font-weight: 400;\">Yes, 10W<\/span><\/td>\n<\/tr>\n<tr style=\"height: 24px;\">\n<td style=\"width: 50%; height: 24px;\"><span style=\"font-weight: 400;\">Weight<\/span><\/td>\n<td style=\"width: 50%; height: 24px;\"><span style=\"font-weight: 400;\">5.5 kg<\/span><\/td>\n<\/tr>\n<tr style=\"height: 24px;\">\n<td style=\"width: 50%; height: 24px;\"><span style=\"font-weight: 400;\">Applications<\/span><\/td>\n<td style=\"width: 50%; height: 24px;\"><span style=\"font-weight: 400;\">Education, office, digital signage, conference rooms, museums<\/span><\/td>\n<\/tr>\n<\/tbody>\n<\/table>\n<p><span style=\"font-weight: 400;\">The Optoma ZH450ST combines advanced laser technology, high brightness, and a short-throw design, making it an ideal solution for professional and commercial applications. Its longevity, ease of installation, and low operating costs make it a versatile and high-performance projector.<\/span><\/p>\n<\/div>","protected":false},"excerpt":{"rendered":"<p><span style=\"font-weight: 400;\">The Optoma ZH450ST combines advanced laser technology, high brightness, and a short-throw design, making it an ideal solution for professional and commercial applications. Its longevity, ease of installation, and low operating costs make it a versatile and high-performance projector.<\/span><\/p>\n","protected":false},"featured_media":1604,"template":"","meta":{"_acf_changed":false,"inline_featured_image":false},"product_brand":[],"product_cat":[103,67,100],"product_tag":[],"class_list":{"0":"post-1612","1":"product","2":"type-product","3":"status-publish","4":"has-post-thumbnail","6":"product_cat-business-projectors","7":"product_cat-sprzet-do-wynajecia-en","8":"product_cat-multimedia-projectors","10":"first","11":"instock","12":"shipping-taxable","13":"product-type-simple"},"acf":[],"yoast_head":"<!-- This site is optimized with the Yoast SEO plugin v27.4 - https:\/\/yoast.com\/product\/yoast-seo-wordpress\/ -->\n<title>Optoma ZH450ST - Eidotech<\/title>\n<meta name=\"robots\" content=\"index, follow, max-snippet:-1, max-image-preview:large, max-video-preview:-1\" \/>\n<link rel=\"canonical\" href=\"https:\/\/sprzetmultimedialny.pl\/en\/product\/optoma-zh450st\/\" \/>\n<meta property=\"og:locale\" content=\"en_US\" \/>\n<meta property=\"og:type\" content=\"article\" \/>\n<meta property=\"og:title\" content=\"Optoma ZH450ST - Eidotech\" \/>\n<meta property=\"og:description\" content=\"The Optoma ZH450ST combines advanced laser technology, high brightness, and a short-throw design, making it an ideal solution for professional and commercial applications. Its longevity, ease of installation, and low operating costs make it a versatile and high-performance projector.\" \/>\n<meta property=\"og:url\" content=\"https:\/\/sprzetmultimedialny.pl\/en\/product\/optoma-zh450st\/\" \/>\n<meta property=\"og:site_name\" content=\"Eidotech\" \/>\n<meta property=\"article:publisher\" content=\"https:\/\/www.facebook.com\/eidotechpolska\" \/>\n<meta property=\"article:modified_time\" content=\"2024-09-06T20:31:06+00:00\" \/>\n<meta property=\"og:image\" content=\"https:\/\/sprzetmultimedialny.pl\/wp-content\/uploads\/2024\/09\/Optoma-ZH450ST00001.png\" \/>\n\t<meta property=\"og:image:width\" content=\"1300\" \/>\n\t<meta property=\"og:image:height\" content=\"1300\" \/>\n\t<meta property=\"og:image:type\" content=\"image\/png\" \/>\n<meta name=\"twitter:card\" content=\"summary_large_image\" \/>\n<meta name=\"twitter:label1\" content=\"Est. reading time\" \/>\n\t<meta name=\"twitter:data1\" content=\"2 minutes\" \/>\n<script type=\"application\/ld+json\" class=\"yoast-schema-graph\">{\"@context\":\"https:\\\/\\\/schema.org\",\"@graph\":[{\"@type\":[\"WebPage\",\"ItemPage\"],\"@id\":\"https:\\\/\\\/sprzetmultimedialny.pl\\\/en\\\/product\\\/optoma-zh450st\\\/\",\"url\":\"https:\\\/\\\/sprzetmultimedialny.pl\\\/en\\\/product\\\/optoma-zh450st\\\/\",\"name\":\"Optoma ZH450ST - Eidotech\",\"isPartOf\":{\"@id\":\"https:\\\/\\\/sprzetmultimedialny.pl\\\/en\\\/#website\"},\"primaryImageOfPage\":{\"@id\":\"https:\\\/\\\/sprzetmultimedialny.pl\\\/en\\\/product\\\/optoma-zh450st\\\/#primaryimage\"},\"image\":{\"@id\":\"https:\\\/\\\/sprzetmultimedialny.pl\\\/en\\\/product\\\/optoma-zh450st\\\/#primaryimage\"},\"thumbnailUrl\":\"https:\\\/\\\/i0.wp.com\\\/sprzetmultimedialny.pl\\\/wp-content\\\/uploads\\\/2024\\\/09\\\/Optoma-ZH450ST00001.png?fit=1300%2C1300&ssl=1\",\"datePublished\":\"2024-09-06T20:25:44+00:00\",\"dateModified\":\"2024-09-06T20:31:06+00:00\",\"breadcrumb\":{\"@id\":\"https:\\\/\\\/sprzetmultimedialny.pl\\\/en\\\/product\\\/optoma-zh450st\\\/#breadcrumb\"},\"inLanguage\":\"en-US\",\"potentialAction\":[{\"@type\":\"ReadAction\",\"target\":[\"https:\\\/\\\/sprzetmultimedialny.pl\\\/en\\\/product\\\/optoma-zh450st\\\/\"]}]},{\"@type\":\"ImageObject\",\"inLanguage\":\"en-US\",\"@id\":\"https:\\\/\\\/sprzetmultimedialny.pl\\\/en\\\/product\\\/optoma-zh450st\\\/#primaryimage\",\"url\":\"https:\\\/\\\/i0.wp.com\\\/sprzetmultimedialny.pl\\\/wp-content\\\/uploads\\\/2024\\\/09\\\/Optoma-ZH450ST00001.png?fit=1300%2C1300&ssl=1\",\"contentUrl\":\"https:\\\/\\\/i0.wp.com\\\/sprzetmultimedialny.pl\\\/wp-content\\\/uploads\\\/2024\\\/09\\\/Optoma-ZH450ST00001.png?fit=1300%2C1300&ssl=1\",\"width\":1300,\"height\":1300,\"caption\":\"Optoma ZH450ST00001\"},{\"@type\":\"BreadcrumbList\",\"@id\":\"https:\\\/\\\/sprzetmultimedialny.pl\\\/en\\\/product\\\/optoma-zh450st\\\/#breadcrumb\",\"itemListElement\":[{\"@type\":\"ListItem\",\"position\":1,\"name\":\"Home\",\"item\":\"https:\\\/\\\/sprzetmultimedialny.pl\\\/en\\\/\"},{\"@type\":\"ListItem\",\"position\":2,\"name\":\"Products\",\"item\":\"https:\\\/\\\/sprzetmultimedialny.pl\\\/en\\\/shop\\\/\"},{\"@type\":\"ListItem\",\"position\":3,\"name\":\"Optoma ZH450ST\"}]},{\"@type\":\"WebSite\",\"@id\":\"https:\\\/\\\/sprzetmultimedialny.pl\\\/en\\\/#website\",\"url\":\"https:\\\/\\\/sprzetmultimedialny.pl\\\/en\\\/\",\"name\":\"Sprzet Multimedialny\",\"description\":\"Kompleksowe Rozwi\u0105zania Audiowizualne, Wynajem i Sprzeda\u017c Sprz\u0119tu Audiowizualnego\",\"publisher\":{\"@id\":\"https:\\\/\\\/sprzetmultimedialny.pl\\\/en\\\/#organization\"},\"potentialAction\":[{\"@type\":\"SearchAction\",\"target\":{\"@type\":\"EntryPoint\",\"urlTemplate\":\"https:\\\/\\\/sprzetmultimedialny.pl\\\/en\\\/?s={search_term_string}\"},\"query-input\":{\"@type\":\"PropertyValueSpecification\",\"valueRequired\":true,\"valueName\":\"search_term_string\"}}],\"inLanguage\":\"en-US\"},{\"@type\":\"Organization\",\"@id\":\"https:\\\/\\\/sprzetmultimedialny.pl\\\/en\\\/#organization\",\"name\":\"Eidotech\",\"url\":\"https:\\\/\\\/sprzetmultimedialny.pl\\\/en\\\/\",\"logo\":{\"@type\":\"ImageObject\",\"inLanguage\":\"en-US\",\"@id\":\"https:\\\/\\\/sprzetmultimedialny.pl\\\/en\\\/#\\\/schema\\\/logo\\\/image\\\/\",\"url\":\"https:\\\/\\\/sprzetmultimedialny.pl\\\/wp-content\\\/uploads\\\/2024\\\/09\\\/SprzetMultimedialny.png\",\"contentUrl\":\"https:\\\/\\\/sprzetmultimedialny.pl\\\/wp-content\\\/uploads\\\/2024\\\/09\\\/SprzetMultimedialny.png\",\"width\":476,\"height\":162,\"caption\":\"Eidotech\"},\"image\":{\"@id\":\"https:\\\/\\\/sprzetmultimedialny.pl\\\/en\\\/#\\\/schema\\\/logo\\\/image\\\/\"},\"sameAs\":[\"https:\\\/\\\/www.facebook.com\\\/eidotechpolska\",\"https:\\\/\\\/www.instagram.com\\\/eidotech_pl\\\/\"]}]}<\/script>\n<!-- \/ Yoast SEO plugin. -->","yoast_head_json":{"title":"Optoma ZH450ST - Eidotech","robots":{"index":"index","follow":"follow","max-snippet":"max-snippet:-1","max-image-preview":"max-image-preview:large","max-video-preview":"max-video-preview:-1"},"canonical":"https:\/\/sprzetmultimedialny.pl\/en\/product\/optoma-zh450st\/","og_locale":"en_US","og_type":"article","og_title":"Optoma ZH450ST - Eidotech","og_description":"The Optoma ZH450ST combines advanced laser technology, high brightness, and a short-throw design, making it an ideal solution for professional and commercial applications. Its longevity, ease of installation, and low operating costs make it a versatile and high-performance projector.","og_url":"https:\/\/sprzetmultimedialny.pl\/en\/product\/optoma-zh450st\/","og_site_name":"Eidotech","article_publisher":"https:\/\/www.facebook.com\/eidotechpolska","article_modified_time":"2024-09-06T20:31:06+00:00","og_image":[{"width":1300,"height":1300,"url":"https:\/\/sprzetmultimedialny.pl\/wp-content\/uploads\/2024\/09\/Optoma-ZH450ST00001.png","type":"image\/png"}],"twitter_card":"summary_large_image","twitter_misc":{"Est. reading time":"2 minutes"},"schema":{"@context":"https:\/\/schema.org","@graph":[{"@type":["WebPage","ItemPage"],"@id":"https:\/\/sprzetmultimedialny.pl\/en\/product\/optoma-zh450st\/","url":"https:\/\/sprzetmultimedialny.pl\/en\/product\/optoma-zh450st\/","name":"Optoma ZH450ST - Eidotech","isPartOf":{"@id":"https:\/\/sprzetmultimedialny.pl\/en\/#website"},"primaryImageOfPage":{"@id":"https:\/\/sprzetmultimedialny.pl\/en\/product\/optoma-zh450st\/#primaryimage"},"image":{"@id":"https:\/\/sprzetmultimedialny.pl\/en\/product\/optoma-zh450st\/#primaryimage"},"thumbnailUrl":"https:\/\/i0.wp.com\/sprzetmultimedialny.pl\/wp-content\/uploads\/2024\/09\/Optoma-ZH450ST00001.png?fit=1300%2C1300&ssl=1","datePublished":"2024-09-06T20:25:44+00:00","dateModified":"2024-09-06T20:31:06+00:00","breadcrumb":{"@id":"https:\/\/sprzetmultimedialny.pl\/en\/product\/optoma-zh450st\/#breadcrumb"},"inLanguage":"en-US","potentialAction":[{"@type":"ReadAction","target":["https:\/\/sprzetmultimedialny.pl\/en\/product\/optoma-zh450st\/"]}]},{"@type":"ImageObject","inLanguage":"en-US","@id":"https:\/\/sprzetmultimedialny.pl\/en\/product\/optoma-zh450st\/#primaryimage","url":"https:\/\/i0.wp.com\/sprzetmultimedialny.pl\/wp-content\/uploads\/2024\/09\/Optoma-ZH450ST00001.png?fit=1300%2C1300&ssl=1","contentUrl":"https:\/\/i0.wp.com\/sprzetmultimedialny.pl\/wp-content\/uploads\/2024\/09\/Optoma-ZH450ST00001.png?fit=1300%2C1300&ssl=1","width":1300,"height":1300,"caption":"Optoma ZH450ST00001"},{"@type":"BreadcrumbList","@id":"https:\/\/sprzetmultimedialny.pl\/en\/product\/optoma-zh450st\/#breadcrumb","itemListElement":[{"@type":"ListItem","position":1,"name":"Home","item":"https:\/\/sprzetmultimedialny.pl\/en\/"},{"@type":"ListItem","position":2,"name":"Products","item":"https:\/\/sprzetmultimedialny.pl\/en\/shop\/"},{"@type":"ListItem","position":3,"name":"Optoma ZH450ST"}]},{"@type":"WebSite","@id":"https:\/\/sprzetmultimedialny.pl\/en\/#website","url":"https:\/\/sprzetmultimedialny.pl\/en\/","name":"Sprzet Multimedialny","description":"Kompleksowe Rozwi\u0105zania Audiowizualne, Wynajem i Sprzeda\u017c Sprz\u0119tu Audiowizualnego","publisher":{"@id":"https:\/\/sprzetmultimedialny.pl\/en\/#organization"},"potentialAction":[{"@type":"SearchAction","target":{"@type":"EntryPoint","urlTemplate":"https:\/\/sprzetmultimedialny.pl\/en\/?s={search_term_string}"},"query-input":{"@type":"PropertyValueSpecification","valueRequired":true,"valueName":"search_term_string"}}],"inLanguage":"en-US"},{"@type":"Organization","@id":"https:\/\/sprzetmultimedialny.pl\/en\/#organization","name":"Eidotech","url":"https:\/\/sprzetmultimedialny.pl\/en\/","logo":{"@type":"ImageObject","inLanguage":"en-US","@id":"https:\/\/sprzetmultimedialny.pl\/en\/#\/schema\/logo\/image\/","url":"https:\/\/sprzetmultimedialny.pl\/wp-content\/uploads\/2024\/09\/SprzetMultimedialny.png","contentUrl":"https:\/\/sprzetmultimedialny.pl\/wp-content\/uploads\/2024\/09\/SprzetMultimedialny.png","width":476,"height":162,"caption":"Eidotech"},"image":{"@id":"https:\/\/sprzetmultimedialny.pl\/en\/#\/schema\/logo\/image\/"},"sameAs":["https:\/\/www.facebook.com\/eidotechpolska","https:\/\/www.instagram.com\/eidotech_pl\/"]}]}},"_links":{"self":[{"href":"https:\/\/sprzetmultimedialny.pl\/en\/wp-json\/wp\/v2\/product\/1612","targetHints":{"allow":["GET"]}}],"collection":[{"href":"https:\/\/sprzetmultimedialny.pl\/en\/wp-json\/wp\/v2\/product"}],"about":[{"href":"https:\/\/sprzetmultimedialny.pl\/en\/wp-json\/wp\/v2\/types\/product"}],"wp:featuredmedia":[{"embeddable":true,"href":"https:\/\/sprzetmultimedialny.pl\/en\/wp-json\/wp\/v2\/media\/1604"}],"wp:attachment":[{"href":"https:\/\/sprzetmultimedialny.pl\/en\/wp-json\/wp\/v2\/media?parent=1612"}],"wp:term":[{"taxonomy":"product_brand","embeddable":true,"href":"https:\/\/sprzetmultimedialny.pl\/en\/wp-json\/wp\/v2\/product_brand?post=1612"},{"taxonomy":"product_cat","embeddable":true,"href":"https:\/\/sprzetmultimedialny.pl\/en\/wp-json\/wp\/v2\/product_cat?post=1612"},{"taxonomy":"product_tag","embeddable":true,"href":"https:\/\/sprzetmultimedialny.pl\/en\/wp-json\/wp\/v2\/product_tag?post=1612"}],"curies":[{"name":"wp","href":"https:\/\/api.w.org\/{rel}","templated":true}]}}