{"id":1975,"date":"2024-09-13T18:05:17","date_gmt":"2024-09-13T16:05:17","guid":{"rendered":"https:\/\/sprzetmultimedialny.pl\/produkt\/fohhn-at-05\/"},"modified":"2024-09-14T13:18:00","modified_gmt":"2024-09-14T11:18:00","slug":"fohhn-at-05","status":"publish","type":"product","link":"https:\/\/sprzetmultimedialny.pl\/en\/product\/fohhn-at-05\/","title":{"rendered":"Fohhn AT-05"},"content":{"rendered":"<div class=\"mceContentBody mceFrontEnd \"><p><span style=\"font-weight: 400;\">The Fohhn AT-05 is a compact passive full-range speaker designed for professional sound reinforcement applications in small to medium-sized spaces, such as conference rooms, restaurants, retail stores, places of worship, and event spaces. Part of Fohhn&#8217;s Arc series, the AT-05 is renowned for its reliability, elegant appearance, and high sound quality in a compact form factor. This speaker combines modern design with robust construction, delivering exceptional sound quality and aesthetics that blend well with various interior styles.<\/span><\/p>\n<p><span style=\"font-weight: 400;\">The Fohhn AT-05 is equipped with a 5-inch low-frequency driver and a 1-inch high-frequency driver, providing a full frequency range with clear bass and crisp highs. With wide sound dispersion and options for wall or ceiling mounting, the speaker is ideal for sound reinforcement in acoustically challenging environments. Its sturdy aluminum enclosure with a sleek finish ensures durability and a professional look.<\/span><\/p>\n<table style=\"border-collapse: collapse; width: 100%; height: 260px;\">\n<tbody>\n<tr style=\"height: 24px;\">\n<td style=\"width: 50%; height: 24px;\"><span style=\"font-weight: 400;\">Description<\/span><\/td>\n<td style=\"width: 50%; height: 24px;\">Value<\/td>\n<\/tr>\n<tr style=\"height: 20px;\">\n<td style=\"width: 50%; height: 20px;\"><span style=\"font-weight: 400;\">Type<\/span><\/td>\n<td style=\"width: 50%; height: 20px;\"><span style=\"font-weight: 400;\">Passive full-range speaker<\/span><\/td>\n<\/tr>\n<tr style=\"height: 24px;\">\n<td style=\"width: 50%; height: 24px;\"><span style=\"font-weight: 400;\">Low-Frequency Driver<\/span><\/td>\n<td style=\"width: 50%; height: 24px;\"><span style=\"font-weight: 400;\">5-inch<\/span><\/td>\n<\/tr>\n<tr style=\"height: 24px;\">\n<td style=\"width: 50%; height: 24px;\"><span style=\"font-weight: 400;\">High-Frequency Driver<\/span><\/td>\n<td style=\"width: 50%; height: 24px;\"><span style=\"font-weight: 400;\">1-inch compression driver<\/span><\/td>\n<\/tr>\n<tr style=\"height: 24px;\">\n<td style=\"width: 50%; height: 24px;\"><span style=\"font-weight: 400;\">Frequency Response<\/span><\/td>\n<td style=\"width: 50%; height: 24px;\"><span style=\"font-weight: 400;\">90 Hz \u2013 20 kHz<\/span><\/td>\n<\/tr>\n<tr style=\"height: 24px;\">\n<td style=\"width: 50%; height: 24px;\"><span style=\"font-weight: 400;\">Maximum SPL<\/span><\/td>\n<td style=\"width: 50%; height: 24px;\"><span style=\"font-weight: 400;\">113 dB<\/span><\/td>\n<\/tr>\n<tr style=\"height: 24px;\">\n<td style=\"width: 50%; height: 24px;\"><span style=\"font-weight: 400;\">Nominal Power<\/span><\/td>\n<td style=\"width: 50%; height: 24px;\"><span style=\"font-weight: 400;\">60 W<\/span><\/td>\n<\/tr>\n<tr style=\"height: 24px;\">\n<td style=\"width: 50%; height: 24px;\"><span style=\"font-weight: 400;\">Dispersion Angle<\/span><\/td>\n<td style=\"width: 50%; height: 24px;\"><span style=\"font-weight: 400;\">100\u00b0 x 100\u00b0<\/span><\/td>\n<\/tr>\n<tr style=\"height: 24px;\">\n<td style=\"width: 50%; height: 24px;\"><span style=\"font-weight: 400;\">Audio Inputs<\/span><\/td>\n<td style=\"width: 50%; height: 24px;\"><span style=\"font-weight: 400;\">Screw terminals<\/span><\/td>\n<\/tr>\n<tr style=\"height: 24px;\">\n<td style=\"width: 50%; height: 24px;\"><span style=\"font-weight: 400;\">Enclosure<\/span><\/td>\n<td style=\"width: 50%; height: 24px;\"><span style=\"font-weight: 400;\">Aluminum, durable and stylish<\/span><\/td>\n<\/tr>\n<tr style=\"height: 24px;\">\n<td style=\"width: 50%; height: 24px;\"><span style=\"font-weight: 400;\">Applications<\/span><\/td>\n<td style=\"width: 50%; height: 24px;\"><span style=\"font-weight: 400;\">Conference rooms, restaurants, places of worship, event spaces<\/span><\/td>\n<\/tr>\n<\/tbody>\n<\/table>\n<p><span style=\"font-weight: 400;\">The Fohhn AT-05 is a versatile and compact speaker that offers excellent sound quality and an elegant appearance, making it an ideal choice for sound reinforcement in various types of spaces, providing reliability and high performance.<\/span><\/p>\n<\/div>","protected":false},"excerpt":{"rendered":"<p><span style=\"font-weight: 400;\">The Fohhn AT-05 is a versatile and compact speaker that offers excellent sound quality and an elegant appearance, making it an ideal choice for sound reinforcement in various types of spaces, providing reliability and high performance.<\/span><\/p>\n","protected":false},"featured_media":1971,"template":"","meta":{"_acf_changed":false,"inline_featured_image":false},"product_brand":[],"product_cat":[106,67,107],"product_tag":[],"class_list":{"0":"post-1975","1":"product","2":"type-product","3":"status-publish","4":"has-post-thumbnail","6":"product_cat-audio-equipment-en","7":"product_cat-sprzet-do-wynajecia-en","8":"product_cat-speakers","10":"first","11":"instock","12":"shipping-taxable","13":"product-type-simple"},"acf":[],"yoast_head":"<!-- This site is optimized with the Yoast SEO plugin v27.4 - https:\/\/yoast.com\/product\/yoast-seo-wordpress\/ -->\n<title>Fohhn AT-05 - Eidotech<\/title>\n<meta name=\"robots\" content=\"index, follow, max-snippet:-1, max-image-preview:large, max-video-preview:-1\" \/>\n<link rel=\"canonical\" href=\"https:\/\/sprzetmultimedialny.pl\/en\/product\/fohhn-at-05\/\" \/>\n<meta property=\"og:locale\" content=\"en_US\" \/>\n<meta property=\"og:type\" content=\"article\" \/>\n<meta property=\"og:title\" content=\"Fohhn AT-05 - Eidotech\" \/>\n<meta property=\"og:description\" content=\"The Fohhn AT-05 is a versatile and compact speaker that offers excellent sound quality and an elegant appearance, making it an ideal choice for sound reinforcement in various types of spaces, providing reliability and high performance.\" \/>\n<meta property=\"og:url\" content=\"https:\/\/sprzetmultimedialny.pl\/en\/product\/fohhn-at-05\/\" \/>\n<meta property=\"og:site_name\" content=\"Eidotech\" \/>\n<meta property=\"article:publisher\" content=\"https:\/\/www.facebook.com\/eidotechpolska\" \/>\n<meta property=\"article:modified_time\" content=\"2024-09-14T11:18:00+00:00\" \/>\n<meta property=\"og:image\" content=\"https:\/\/sprzetmultimedialny.pl\/wp-content\/uploads\/2024\/09\/Fohhn-AT-0500001.png\" \/>\n\t<meta property=\"og:image:width\" content=\"816\" \/>\n\t<meta property=\"og:image:height\" content=\"1154\" \/>\n\t<meta property=\"og:image:type\" content=\"image\/png\" \/>\n<meta name=\"twitter:card\" content=\"summary_large_image\" \/>\n<meta name=\"twitter:label1\" content=\"Est. reading time\" \/>\n\t<meta name=\"twitter:data1\" content=\"2 minutes\" \/>\n<script type=\"application\/ld+json\" class=\"yoast-schema-graph\">{\"@context\":\"https:\\\/\\\/schema.org\",\"@graph\":[{\"@type\":[\"WebPage\",\"ItemPage\"],\"@id\":\"https:\\\/\\\/sprzetmultimedialny.pl\\\/en\\\/product\\\/fohhn-at-05\\\/\",\"url\":\"https:\\\/\\\/sprzetmultimedialny.pl\\\/en\\\/product\\\/fohhn-at-05\\\/\",\"name\":\"Fohhn AT-05 - Eidotech\",\"isPartOf\":{\"@id\":\"https:\\\/\\\/sprzetmultimedialny.pl\\\/en\\\/#website\"},\"primaryImageOfPage\":{\"@id\":\"https:\\\/\\\/sprzetmultimedialny.pl\\\/en\\\/product\\\/fohhn-at-05\\\/#primaryimage\"},\"image\":{\"@id\":\"https:\\\/\\\/sprzetmultimedialny.pl\\\/en\\\/product\\\/fohhn-at-05\\\/#primaryimage\"},\"thumbnailUrl\":\"https:\\\/\\\/i0.wp.com\\\/sprzetmultimedialny.pl\\\/wp-content\\\/uploads\\\/2024\\\/09\\\/Fohhn-AT-0500001.png?fit=816%2C1154&ssl=1\",\"datePublished\":\"2024-09-13T16:05:17+00:00\",\"dateModified\":\"2024-09-14T11:18:00+00:00\",\"breadcrumb\":{\"@id\":\"https:\\\/\\\/sprzetmultimedialny.pl\\\/en\\\/product\\\/fohhn-at-05\\\/#breadcrumb\"},\"inLanguage\":\"en-US\",\"potentialAction\":[{\"@type\":\"ReadAction\",\"target\":[\"https:\\\/\\\/sprzetmultimedialny.pl\\\/en\\\/product\\\/fohhn-at-05\\\/\"]}]},{\"@type\":\"ImageObject\",\"inLanguage\":\"en-US\",\"@id\":\"https:\\\/\\\/sprzetmultimedialny.pl\\\/en\\\/product\\\/fohhn-at-05\\\/#primaryimage\",\"url\":\"https:\\\/\\\/i0.wp.com\\\/sprzetmultimedialny.pl\\\/wp-content\\\/uploads\\\/2024\\\/09\\\/Fohhn-AT-0500001.png?fit=816%2C1154&ssl=1\",\"contentUrl\":\"https:\\\/\\\/i0.wp.com\\\/sprzetmultimedialny.pl\\\/wp-content\\\/uploads\\\/2024\\\/09\\\/Fohhn-AT-0500001.png?fit=816%2C1154&ssl=1\",\"width\":816,\"height\":1154,\"caption\":\"Fohhn AT 0500001\"},{\"@type\":\"BreadcrumbList\",\"@id\":\"https:\\\/\\\/sprzetmultimedialny.pl\\\/en\\\/product\\\/fohhn-at-05\\\/#breadcrumb\",\"itemListElement\":[{\"@type\":\"ListItem\",\"position\":1,\"name\":\"Home\",\"item\":\"https:\\\/\\\/sprzetmultimedialny.pl\\\/en\\\/\"},{\"@type\":\"ListItem\",\"position\":2,\"name\":\"Products\",\"item\":\"https:\\\/\\\/sprzetmultimedialny.pl\\\/en\\\/shop\\\/\"},{\"@type\":\"ListItem\",\"position\":3,\"name\":\"Fohhn AT-05\"}]},{\"@type\":\"WebSite\",\"@id\":\"https:\\\/\\\/sprzetmultimedialny.pl\\\/en\\\/#website\",\"url\":\"https:\\\/\\\/sprzetmultimedialny.pl\\\/en\\\/\",\"name\":\"Sprzet Multimedialny\",\"description\":\"Kompleksowe Rozwi\u0105zania Audiowizualne, Wynajem i Sprzeda\u017c Sprz\u0119tu Audiowizualnego\",\"publisher\":{\"@id\":\"https:\\\/\\\/sprzetmultimedialny.pl\\\/en\\\/#organization\"},\"potentialAction\":[{\"@type\":\"SearchAction\",\"target\":{\"@type\":\"EntryPoint\",\"urlTemplate\":\"https:\\\/\\\/sprzetmultimedialny.pl\\\/en\\\/?s={search_term_string}\"},\"query-input\":{\"@type\":\"PropertyValueSpecification\",\"valueRequired\":true,\"valueName\":\"search_term_string\"}}],\"inLanguage\":\"en-US\"},{\"@type\":\"Organization\",\"@id\":\"https:\\\/\\\/sprzetmultimedialny.pl\\\/en\\\/#organization\",\"name\":\"Eidotech\",\"url\":\"https:\\\/\\\/sprzetmultimedialny.pl\\\/en\\\/\",\"logo\":{\"@type\":\"ImageObject\",\"inLanguage\":\"en-US\",\"@id\":\"https:\\\/\\\/sprzetmultimedialny.pl\\\/en\\\/#\\\/schema\\\/logo\\\/image\\\/\",\"url\":\"https:\\\/\\\/sprzetmultimedialny.pl\\\/wp-content\\\/uploads\\\/2024\\\/09\\\/SprzetMultimedialny.png\",\"contentUrl\":\"https:\\\/\\\/sprzetmultimedialny.pl\\\/wp-content\\\/uploads\\\/2024\\\/09\\\/SprzetMultimedialny.png\",\"width\":476,\"height\":162,\"caption\":\"Eidotech\"},\"image\":{\"@id\":\"https:\\\/\\\/sprzetmultimedialny.pl\\\/en\\\/#\\\/schema\\\/logo\\\/image\\\/\"},\"sameAs\":[\"https:\\\/\\\/www.facebook.com\\\/eidotechpolska\",\"https:\\\/\\\/www.instagram.com\\\/eidotech_pl\\\/\"]}]}<\/script>\n<!-- \/ Yoast SEO plugin. -->","yoast_head_json":{"title":"Fohhn AT-05 - Eidotech","robots":{"index":"index","follow":"follow","max-snippet":"max-snippet:-1","max-image-preview":"max-image-preview:large","max-video-preview":"max-video-preview:-1"},"canonical":"https:\/\/sprzetmultimedialny.pl\/en\/product\/fohhn-at-05\/","og_locale":"en_US","og_type":"article","og_title":"Fohhn AT-05 - Eidotech","og_description":"The Fohhn AT-05 is a versatile and compact speaker that offers excellent sound quality and an elegant appearance, making it an ideal choice for sound reinforcement in various types of spaces, providing reliability and high performance.","og_url":"https:\/\/sprzetmultimedialny.pl\/en\/product\/fohhn-at-05\/","og_site_name":"Eidotech","article_publisher":"https:\/\/www.facebook.com\/eidotechpolska","article_modified_time":"2024-09-14T11:18:00+00:00","og_image":[{"width":816,"height":1154,"url":"https:\/\/sprzetmultimedialny.pl\/wp-content\/uploads\/2024\/09\/Fohhn-AT-0500001.png","type":"image\/png"}],"twitter_card":"summary_large_image","twitter_misc":{"Est. reading time":"2 minutes"},"schema":{"@context":"https:\/\/schema.org","@graph":[{"@type":["WebPage","ItemPage"],"@id":"https:\/\/sprzetmultimedialny.pl\/en\/product\/fohhn-at-05\/","url":"https:\/\/sprzetmultimedialny.pl\/en\/product\/fohhn-at-05\/","name":"Fohhn AT-05 - Eidotech","isPartOf":{"@id":"https:\/\/sprzetmultimedialny.pl\/en\/#website"},"primaryImageOfPage":{"@id":"https:\/\/sprzetmultimedialny.pl\/en\/product\/fohhn-at-05\/#primaryimage"},"image":{"@id":"https:\/\/sprzetmultimedialny.pl\/en\/product\/fohhn-at-05\/#primaryimage"},"thumbnailUrl":"https:\/\/i0.wp.com\/sprzetmultimedialny.pl\/wp-content\/uploads\/2024\/09\/Fohhn-AT-0500001.png?fit=816%2C1154&ssl=1","datePublished":"2024-09-13T16:05:17+00:00","dateModified":"2024-09-14T11:18:00+00:00","breadcrumb":{"@id":"https:\/\/sprzetmultimedialny.pl\/en\/product\/fohhn-at-05\/#breadcrumb"},"inLanguage":"en-US","potentialAction":[{"@type":"ReadAction","target":["https:\/\/sprzetmultimedialny.pl\/en\/product\/fohhn-at-05\/"]}]},{"@type":"ImageObject","inLanguage":"en-US","@id":"https:\/\/sprzetmultimedialny.pl\/en\/product\/fohhn-at-05\/#primaryimage","url":"https:\/\/i0.wp.com\/sprzetmultimedialny.pl\/wp-content\/uploads\/2024\/09\/Fohhn-AT-0500001.png?fit=816%2C1154&ssl=1","contentUrl":"https:\/\/i0.wp.com\/sprzetmultimedialny.pl\/wp-content\/uploads\/2024\/09\/Fohhn-AT-0500001.png?fit=816%2C1154&ssl=1","width":816,"height":1154,"caption":"Fohhn AT 0500001"},{"@type":"BreadcrumbList","@id":"https:\/\/sprzetmultimedialny.pl\/en\/product\/fohhn-at-05\/#breadcrumb","itemListElement":[{"@type":"ListItem","position":1,"name":"Home","item":"https:\/\/sprzetmultimedialny.pl\/en\/"},{"@type":"ListItem","position":2,"name":"Products","item":"https:\/\/sprzetmultimedialny.pl\/en\/shop\/"},{"@type":"ListItem","position":3,"name":"Fohhn AT-05"}]},{"@type":"WebSite","@id":"https:\/\/sprzetmultimedialny.pl\/en\/#website","url":"https:\/\/sprzetmultimedialny.pl\/en\/","name":"Sprzet Multimedialny","description":"Kompleksowe Rozwi\u0105zania Audiowizualne, Wynajem i Sprzeda\u017c Sprz\u0119tu Audiowizualnego","publisher":{"@id":"https:\/\/sprzetmultimedialny.pl\/en\/#organization"},"potentialAction":[{"@type":"SearchAction","target":{"@type":"EntryPoint","urlTemplate":"https:\/\/sprzetmultimedialny.pl\/en\/?s={search_term_string}"},"query-input":{"@type":"PropertyValueSpecification","valueRequired":true,"valueName":"search_term_string"}}],"inLanguage":"en-US"},{"@type":"Organization","@id":"https:\/\/sprzetmultimedialny.pl\/en\/#organization","name":"Eidotech","url":"https:\/\/sprzetmultimedialny.pl\/en\/","logo":{"@type":"ImageObject","inLanguage":"en-US","@id":"https:\/\/sprzetmultimedialny.pl\/en\/#\/schema\/logo\/image\/","url":"https:\/\/sprzetmultimedialny.pl\/wp-content\/uploads\/2024\/09\/SprzetMultimedialny.png","contentUrl":"https:\/\/sprzetmultimedialny.pl\/wp-content\/uploads\/2024\/09\/SprzetMultimedialny.png","width":476,"height":162,"caption":"Eidotech"},"image":{"@id":"https:\/\/sprzetmultimedialny.pl\/en\/#\/schema\/logo\/image\/"},"sameAs":["https:\/\/www.facebook.com\/eidotechpolska","https:\/\/www.instagram.com\/eidotech_pl\/"]}]}},"_links":{"self":[{"href":"https:\/\/sprzetmultimedialny.pl\/en\/wp-json\/wp\/v2\/product\/1975","targetHints":{"allow":["GET"]}}],"collection":[{"href":"https:\/\/sprzetmultimedialny.pl\/en\/wp-json\/wp\/v2\/product"}],"about":[{"href":"https:\/\/sprzetmultimedialny.pl\/en\/wp-json\/wp\/v2\/types\/product"}],"wp:featuredmedia":[{"embeddable":true,"href":"https:\/\/sprzetmultimedialny.pl\/en\/wp-json\/wp\/v2\/media\/1971"}],"wp:attachment":[{"href":"https:\/\/sprzetmultimedialny.pl\/en\/wp-json\/wp\/v2\/media?parent=1975"}],"wp:term":[{"taxonomy":"product_brand","embeddable":true,"href":"https:\/\/sprzetmultimedialny.pl\/en\/wp-json\/wp\/v2\/product_brand?post=1975"},{"taxonomy":"product_cat","embeddable":true,"href":"https:\/\/sprzetmultimedialny.pl\/en\/wp-json\/wp\/v2\/product_cat?post=1975"},{"taxonomy":"product_tag","embeddable":true,"href":"https:\/\/sprzetmultimedialny.pl\/en\/wp-json\/wp\/v2\/product_tag?post=1975"}],"curies":[{"name":"wp","href":"https:\/\/api.w.org\/{rel}","templated":true}]}}