{"id":2030,"date":"2024-09-13T21:30:00","date_gmt":"2024-09-13T19:30:00","guid":{"rendered":"https:\/\/sprzetmultimedialny.pl\/produkt\/meyer-sound-mm-4xp\/"},"modified":"2024-09-14T13:31:34","modified_gmt":"2024-09-14T11:31:34","slug":"meyer-sound-mm-4xp","status":"publish","type":"product","link":"https:\/\/sprzetmultimedialny.pl\/en\/product\/meyer-sound-mm-4xp\/","title":{"rendered":"Meyer Sound MM-4XP"},"content":{"rendered":"<div class=\"mceContentBody mceFrontEnd \"><p><span style=\"font-weight: 400;\">The Meyer Sound MM-4XP is a compact active full-range speaker designed for professional installation applications such as theaters, museums, art galleries, retail spaces, restaurants, and anywhere high-quality, discreet sound reinforcement is required. Part of Meyer Sound\u2019s series of speakers, the MM-4XP is known for its exceptional sound quality, reliability, and versatility in various acoustic environments. This small speaker offers an outstanding size-to-power ratio, making it ideal for applications where space is limited.<\/span><\/p>\n<p><span style=\"font-weight: 400;\">The Meyer Sound MM-4XP features a 4-inch full-range driver powered by an integrated Class D amplifier, delivering high performance with low distortion. Utilizing IntelligentDC\u2122 technology, the MM-4XP can be powered and receive audio signal through a single cable, simplifying installation and eliminating the need for local power. The speaker&#8217;s aluminum enclosure ensures durability and aesthetic appeal, while its wide 120\u00b0 x 120\u00b0 dispersion angle allows for even sound coverage.<\/span><\/p>\n<table style=\"border-collapse: collapse; width: 100%; height: 240px;\">\n<tbody>\n<tr style=\"height: 24px;\">\n<td style=\"width: 50%; height: 24px;\"><span style=\"font-weight: 400;\">Description<\/span><\/td>\n<td style=\"width: 50%; height: 24px;\">Value<\/td>\n<\/tr>\n<tr style=\"height: 24px;\">\n<td style=\"width: 50%; height: 24px;\"><span style=\"font-weight: 400;\">Type<\/span><\/td>\n<td style=\"width: 50%; height: 24px;\"><span style=\"font-weight: 400;\">Active full-range speaker<\/span><\/td>\n<\/tr>\n<tr style=\"height: 24px;\">\n<td style=\"width: 50%; height: 24px;\"><span style=\"font-weight: 400;\">Driver<\/span><\/td>\n<td style=\"width: 50%; height: 24px;\"><span style=\"font-weight: 400;\">4-inch full-range<\/span><\/td>\n<\/tr>\n<tr style=\"height: 24px;\">\n<td style=\"width: 50%; height: 24px;\"><span style=\"font-weight: 400;\">Frequency Response<\/span><\/td>\n<td style=\"width: 50%; height: 24px;\"><span style=\"font-weight: 400;\">120 Hz \u2013 18 kHz<\/span><\/td>\n<\/tr>\n<tr style=\"height: 24px;\">\n<td style=\"width: 50%; height: 24px;\"><span style=\"font-weight: 400;\">Amplifier Power<\/span><\/td>\n<td style=\"width: 50%; height: 24px;\"><span style=\"font-weight: 400;\">Class D amplifier, powered by IntelligentDC\u2122 <\/span><\/td>\n<\/tr>\n<tr style=\"height: 24px;\">\n<td style=\"width: 50%; height: 24px;\"><span style=\"font-weight: 400;\">Maximum SPL<\/span><\/td>\n<td style=\"width: 50%; height: 24px;\"><span style=\"font-weight: 400;\">113 dB<\/span><\/td>\n<\/tr>\n<tr style=\"height: 24px;\">\n<td style=\"width: 50%; height: 24px;\"><span style=\"font-weight: 400;\">Dispersion Angle<\/span><\/td>\n<td style=\"width: 50%; height: 24px;\"><span style=\"font-weight: 400;\">120\u00b0 x 120\u00b0<\/span><\/td>\n<\/tr>\n<tr style=\"height: 24px;\">\n<td style=\"width: 50%; height: 24px;\"><span style=\"font-weight: 400;\">Audio Inputs<\/span><\/td>\n<td style=\"width: 50%; height: 24px;\"><span style=\"font-weight: 400;\">Balanced Phoenix 5-pin <\/span><\/td>\n<\/tr>\n<tr style=\"height: 24px;\">\n<td style=\"width: 50%; height: 24px;\"><span style=\"font-weight: 400;\">Enclosure<\/span><\/td>\n<td style=\"width: 50%; height: 24px;\"><span style=\"font-weight: 400;\">Aluminum, compact and durable<\/span><\/td>\n<\/tr>\n<tr style=\"height: 24px;\">\n<td style=\"width: 50%; height: 24px;\"><span style=\"font-weight: 400;\">Applications<\/span><\/td>\n<td style=\"width: 50%; height: 24px;\"><span style=\"font-weight: 400;\">Theaters, museums, art galleries, restaurants, retail installations<\/span><\/td>\n<\/tr>\n<\/tbody>\n<\/table>\n<p><span style=\"font-weight: 400;\">The Meyer Sound MM-4XP is an incredibly compact and efficient speaker that delivers high-quality sound in a minimal form, making it perfect for professional installations where discretion and aesthetics are key, while still requiring full audio fidelity.<\/span><\/p>\n<\/div>","protected":false},"excerpt":{"rendered":"<p><span style=\"font-weight: 400;\">The Meyer Sound MM-4XP is an incredibly compact and efficient speaker that delivers high-quality sound in a minimal form, making it perfect for professional installations where discretion and aesthetics are key, while still requiring full audio fidelity.<\/span><\/p>\n","protected":false},"featured_media":2211,"template":"","meta":{"_acf_changed":false,"inline_featured_image":false},"product_brand":[],"product_cat":[106,67,107],"product_tag":[],"class_list":{"0":"post-2030","1":"product","2":"type-product","3":"status-publish","4":"has-post-thumbnail","6":"product_cat-audio-equipment-en","7":"product_cat-sprzet-do-wynajecia-en","8":"product_cat-speakers","10":"first","11":"instock","12":"shipping-taxable","13":"product-type-simple"},"acf":[],"yoast_head":"<!-- This site is optimized with the Yoast SEO plugin v27.4 - https:\/\/yoast.com\/product\/yoast-seo-wordpress\/ -->\n<title>Meyer Sound MM-4XP - Eidotech<\/title>\n<meta name=\"robots\" content=\"index, follow, max-snippet:-1, max-image-preview:large, max-video-preview:-1\" \/>\n<link rel=\"canonical\" href=\"https:\/\/sprzetmultimedialny.pl\/en\/product\/meyer-sound-mm-4xp\/\" \/>\n<meta property=\"og:locale\" content=\"en_US\" \/>\n<meta property=\"og:type\" content=\"article\" \/>\n<meta property=\"og:title\" content=\"Meyer Sound MM-4XP - Eidotech\" \/>\n<meta property=\"og:description\" content=\"The Meyer Sound MM-4XP is an incredibly compact and efficient speaker that delivers high-quality sound in a minimal form, making it perfect for professional installations where discretion and aesthetics are key, while still requiring full audio fidelity.\" \/>\n<meta property=\"og:url\" content=\"https:\/\/sprzetmultimedialny.pl\/en\/product\/meyer-sound-mm-4xp\/\" \/>\n<meta property=\"og:site_name\" content=\"Eidotech\" \/>\n<meta property=\"article:publisher\" content=\"https:\/\/www.facebook.com\/eidotechpolska\" \/>\n<meta property=\"article:modified_time\" content=\"2024-09-14T11:31:34+00:00\" \/>\n<meta property=\"og:image\" content=\"https:\/\/sprzetmultimedialny.pl\/wp-content\/uploads\/2024\/09\/Meyer-Sound-MM-4XP00002-2.png\" \/>\n\t<meta property=\"og:image:width\" content=\"600\" \/>\n\t<meta property=\"og:image:height\" content=\"583\" \/>\n\t<meta property=\"og:image:type\" content=\"image\/png\" \/>\n<meta name=\"twitter:card\" content=\"summary_large_image\" \/>\n<meta name=\"twitter:label1\" content=\"Est. reading time\" \/>\n\t<meta name=\"twitter:data1\" content=\"2 minutes\" \/>\n<script type=\"application\/ld+json\" class=\"yoast-schema-graph\">{\"@context\":\"https:\\\/\\\/schema.org\",\"@graph\":[{\"@type\":[\"WebPage\",\"ItemPage\"],\"@id\":\"https:\\\/\\\/sprzetmultimedialny.pl\\\/en\\\/product\\\/meyer-sound-mm-4xp\\\/\",\"url\":\"https:\\\/\\\/sprzetmultimedialny.pl\\\/en\\\/product\\\/meyer-sound-mm-4xp\\\/\",\"name\":\"Meyer Sound MM-4XP - Eidotech\",\"isPartOf\":{\"@id\":\"https:\\\/\\\/sprzetmultimedialny.pl\\\/en\\\/#website\"},\"primaryImageOfPage\":{\"@id\":\"https:\\\/\\\/sprzetmultimedialny.pl\\\/en\\\/product\\\/meyer-sound-mm-4xp\\\/#primaryimage\"},\"image\":{\"@id\":\"https:\\\/\\\/sprzetmultimedialny.pl\\\/en\\\/product\\\/meyer-sound-mm-4xp\\\/#primaryimage\"},\"thumbnailUrl\":\"https:\\\/\\\/i0.wp.com\\\/sprzetmultimedialny.pl\\\/wp-content\\\/uploads\\\/2024\\\/09\\\/Meyer-Sound-MM-4XP00002-2.png?fit=600%2C583&ssl=1\",\"datePublished\":\"2024-09-13T19:30:00+00:00\",\"dateModified\":\"2024-09-14T11:31:34+00:00\",\"breadcrumb\":{\"@id\":\"https:\\\/\\\/sprzetmultimedialny.pl\\\/en\\\/product\\\/meyer-sound-mm-4xp\\\/#breadcrumb\"},\"inLanguage\":\"en-US\",\"potentialAction\":[{\"@type\":\"ReadAction\",\"target\":[\"https:\\\/\\\/sprzetmultimedialny.pl\\\/en\\\/product\\\/meyer-sound-mm-4xp\\\/\"]}]},{\"@type\":\"ImageObject\",\"inLanguage\":\"en-US\",\"@id\":\"https:\\\/\\\/sprzetmultimedialny.pl\\\/en\\\/product\\\/meyer-sound-mm-4xp\\\/#primaryimage\",\"url\":\"https:\\\/\\\/i0.wp.com\\\/sprzetmultimedialny.pl\\\/wp-content\\\/uploads\\\/2024\\\/09\\\/Meyer-Sound-MM-4XP00002-2.png?fit=600%2C583&ssl=1\",\"contentUrl\":\"https:\\\/\\\/i0.wp.com\\\/sprzetmultimedialny.pl\\\/wp-content\\\/uploads\\\/2024\\\/09\\\/Meyer-Sound-MM-4XP00002-2.png?fit=600%2C583&ssl=1\",\"width\":600,\"height\":583,\"caption\":\"Meyer Sound MM 4XP00002\"},{\"@type\":\"BreadcrumbList\",\"@id\":\"https:\\\/\\\/sprzetmultimedialny.pl\\\/en\\\/product\\\/meyer-sound-mm-4xp\\\/#breadcrumb\",\"itemListElement\":[{\"@type\":\"ListItem\",\"position\":1,\"name\":\"Home\",\"item\":\"https:\\\/\\\/sprzetmultimedialny.pl\\\/en\\\/\"},{\"@type\":\"ListItem\",\"position\":2,\"name\":\"Products\",\"item\":\"https:\\\/\\\/sprzetmultimedialny.pl\\\/en\\\/shop\\\/\"},{\"@type\":\"ListItem\",\"position\":3,\"name\":\"Meyer Sound MM-4XP\"}]},{\"@type\":\"WebSite\",\"@id\":\"https:\\\/\\\/sprzetmultimedialny.pl\\\/en\\\/#website\",\"url\":\"https:\\\/\\\/sprzetmultimedialny.pl\\\/en\\\/\",\"name\":\"Sprzet Multimedialny\",\"description\":\"Kompleksowe Rozwi\u0105zania Audiowizualne, Wynajem i Sprzeda\u017c Sprz\u0119tu Audiowizualnego\",\"publisher\":{\"@id\":\"https:\\\/\\\/sprzetmultimedialny.pl\\\/en\\\/#organization\"},\"potentialAction\":[{\"@type\":\"SearchAction\",\"target\":{\"@type\":\"EntryPoint\",\"urlTemplate\":\"https:\\\/\\\/sprzetmultimedialny.pl\\\/en\\\/?s={search_term_string}\"},\"query-input\":{\"@type\":\"PropertyValueSpecification\",\"valueRequired\":true,\"valueName\":\"search_term_string\"}}],\"inLanguage\":\"en-US\"},{\"@type\":\"Organization\",\"@id\":\"https:\\\/\\\/sprzetmultimedialny.pl\\\/en\\\/#organization\",\"name\":\"Eidotech\",\"url\":\"https:\\\/\\\/sprzetmultimedialny.pl\\\/en\\\/\",\"logo\":{\"@type\":\"ImageObject\",\"inLanguage\":\"en-US\",\"@id\":\"https:\\\/\\\/sprzetmultimedialny.pl\\\/en\\\/#\\\/schema\\\/logo\\\/image\\\/\",\"url\":\"https:\\\/\\\/sprzetmultimedialny.pl\\\/wp-content\\\/uploads\\\/2024\\\/09\\\/SprzetMultimedialny.png\",\"contentUrl\":\"https:\\\/\\\/sprzetmultimedialny.pl\\\/wp-content\\\/uploads\\\/2024\\\/09\\\/SprzetMultimedialny.png\",\"width\":476,\"height\":162,\"caption\":\"Eidotech\"},\"image\":{\"@id\":\"https:\\\/\\\/sprzetmultimedialny.pl\\\/en\\\/#\\\/schema\\\/logo\\\/image\\\/\"},\"sameAs\":[\"https:\\\/\\\/www.facebook.com\\\/eidotechpolska\",\"https:\\\/\\\/www.instagram.com\\\/eidotech_pl\\\/\"]}]}<\/script>\n<!-- \/ Yoast SEO plugin. -->","yoast_head_json":{"title":"Meyer Sound MM-4XP - Eidotech","robots":{"index":"index","follow":"follow","max-snippet":"max-snippet:-1","max-image-preview":"max-image-preview:large","max-video-preview":"max-video-preview:-1"},"canonical":"https:\/\/sprzetmultimedialny.pl\/en\/product\/meyer-sound-mm-4xp\/","og_locale":"en_US","og_type":"article","og_title":"Meyer Sound MM-4XP - Eidotech","og_description":"The Meyer Sound MM-4XP is an incredibly compact and efficient speaker that delivers high-quality sound in a minimal form, making it perfect for professional installations where discretion and aesthetics are key, while still requiring full audio fidelity.","og_url":"https:\/\/sprzetmultimedialny.pl\/en\/product\/meyer-sound-mm-4xp\/","og_site_name":"Eidotech","article_publisher":"https:\/\/www.facebook.com\/eidotechpolska","article_modified_time":"2024-09-14T11:31:34+00:00","og_image":[{"width":600,"height":583,"url":"https:\/\/sprzetmultimedialny.pl\/wp-content\/uploads\/2024\/09\/Meyer-Sound-MM-4XP00002-2.png","type":"image\/png"}],"twitter_card":"summary_large_image","twitter_misc":{"Est. reading time":"2 minutes"},"schema":{"@context":"https:\/\/schema.org","@graph":[{"@type":["WebPage","ItemPage"],"@id":"https:\/\/sprzetmultimedialny.pl\/en\/product\/meyer-sound-mm-4xp\/","url":"https:\/\/sprzetmultimedialny.pl\/en\/product\/meyer-sound-mm-4xp\/","name":"Meyer Sound MM-4XP - Eidotech","isPartOf":{"@id":"https:\/\/sprzetmultimedialny.pl\/en\/#website"},"primaryImageOfPage":{"@id":"https:\/\/sprzetmultimedialny.pl\/en\/product\/meyer-sound-mm-4xp\/#primaryimage"},"image":{"@id":"https:\/\/sprzetmultimedialny.pl\/en\/product\/meyer-sound-mm-4xp\/#primaryimage"},"thumbnailUrl":"https:\/\/i0.wp.com\/sprzetmultimedialny.pl\/wp-content\/uploads\/2024\/09\/Meyer-Sound-MM-4XP00002-2.png?fit=600%2C583&ssl=1","datePublished":"2024-09-13T19:30:00+00:00","dateModified":"2024-09-14T11:31:34+00:00","breadcrumb":{"@id":"https:\/\/sprzetmultimedialny.pl\/en\/product\/meyer-sound-mm-4xp\/#breadcrumb"},"inLanguage":"en-US","potentialAction":[{"@type":"ReadAction","target":["https:\/\/sprzetmultimedialny.pl\/en\/product\/meyer-sound-mm-4xp\/"]}]},{"@type":"ImageObject","inLanguage":"en-US","@id":"https:\/\/sprzetmultimedialny.pl\/en\/product\/meyer-sound-mm-4xp\/#primaryimage","url":"https:\/\/i0.wp.com\/sprzetmultimedialny.pl\/wp-content\/uploads\/2024\/09\/Meyer-Sound-MM-4XP00002-2.png?fit=600%2C583&ssl=1","contentUrl":"https:\/\/i0.wp.com\/sprzetmultimedialny.pl\/wp-content\/uploads\/2024\/09\/Meyer-Sound-MM-4XP00002-2.png?fit=600%2C583&ssl=1","width":600,"height":583,"caption":"Meyer Sound MM 4XP00002"},{"@type":"BreadcrumbList","@id":"https:\/\/sprzetmultimedialny.pl\/en\/product\/meyer-sound-mm-4xp\/#breadcrumb","itemListElement":[{"@type":"ListItem","position":1,"name":"Home","item":"https:\/\/sprzetmultimedialny.pl\/en\/"},{"@type":"ListItem","position":2,"name":"Products","item":"https:\/\/sprzetmultimedialny.pl\/en\/shop\/"},{"@type":"ListItem","position":3,"name":"Meyer Sound MM-4XP"}]},{"@type":"WebSite","@id":"https:\/\/sprzetmultimedialny.pl\/en\/#website","url":"https:\/\/sprzetmultimedialny.pl\/en\/","name":"Sprzet Multimedialny","description":"Kompleksowe Rozwi\u0105zania Audiowizualne, Wynajem i Sprzeda\u017c Sprz\u0119tu Audiowizualnego","publisher":{"@id":"https:\/\/sprzetmultimedialny.pl\/en\/#organization"},"potentialAction":[{"@type":"SearchAction","target":{"@type":"EntryPoint","urlTemplate":"https:\/\/sprzetmultimedialny.pl\/en\/?s={search_term_string}"},"query-input":{"@type":"PropertyValueSpecification","valueRequired":true,"valueName":"search_term_string"}}],"inLanguage":"en-US"},{"@type":"Organization","@id":"https:\/\/sprzetmultimedialny.pl\/en\/#organization","name":"Eidotech","url":"https:\/\/sprzetmultimedialny.pl\/en\/","logo":{"@type":"ImageObject","inLanguage":"en-US","@id":"https:\/\/sprzetmultimedialny.pl\/en\/#\/schema\/logo\/image\/","url":"https:\/\/sprzetmultimedialny.pl\/wp-content\/uploads\/2024\/09\/SprzetMultimedialny.png","contentUrl":"https:\/\/sprzetmultimedialny.pl\/wp-content\/uploads\/2024\/09\/SprzetMultimedialny.png","width":476,"height":162,"caption":"Eidotech"},"image":{"@id":"https:\/\/sprzetmultimedialny.pl\/en\/#\/schema\/logo\/image\/"},"sameAs":["https:\/\/www.facebook.com\/eidotechpolska","https:\/\/www.instagram.com\/eidotech_pl\/"]}]}},"_links":{"self":[{"href":"https:\/\/sprzetmultimedialny.pl\/en\/wp-json\/wp\/v2\/product\/2030","targetHints":{"allow":["GET"]}}],"collection":[{"href":"https:\/\/sprzetmultimedialny.pl\/en\/wp-json\/wp\/v2\/product"}],"about":[{"href":"https:\/\/sprzetmultimedialny.pl\/en\/wp-json\/wp\/v2\/types\/product"}],"wp:featuredmedia":[{"embeddable":true,"href":"https:\/\/sprzetmultimedialny.pl\/en\/wp-json\/wp\/v2\/media\/2211"}],"wp:attachment":[{"href":"https:\/\/sprzetmultimedialny.pl\/en\/wp-json\/wp\/v2\/media?parent=2030"}],"wp:term":[{"taxonomy":"product_brand","embeddable":true,"href":"https:\/\/sprzetmultimedialny.pl\/en\/wp-json\/wp\/v2\/product_brand?post=2030"},{"taxonomy":"product_cat","embeddable":true,"href":"https:\/\/sprzetmultimedialny.pl\/en\/wp-json\/wp\/v2\/product_cat?post=2030"},{"taxonomy":"product_tag","embeddable":true,"href":"https:\/\/sprzetmultimedialny.pl\/en\/wp-json\/wp\/v2\/product_tag?post=2030"}],"curies":[{"name":"wp","href":"https:\/\/api.w.org\/{rel}","templated":true}]}}